{"id":362,"date":"2014-07-09T15:49:00","date_gmt":"2014-07-09T15:49:00","guid":{"rendered":"http:\/\/192.168.1.104\/restaurant\/?page_id=9"},"modified":"2024-02-20T17:51:54","modified_gmt":"2024-02-20T16:51:54","slug":"welcome","status":"publish","type":"page","link":"https:\/\/www.hausanja-lech.at\/Gaestehaus\/","title":{"rendered":"Willkommen"},"content":{"rendered":"<div id='full_slider_1'  class='avia-fullwidth-slider main_color avia-shadow   avia-builder-el-0  el_before_av_section  avia-builder-el-first   container_wrap sidebar_right'  ><div  class='avia-slideshow av-lshqp3g9-78316e11e8a7bd0617d1a3ef91cb475c avia-slideshow-no scaling av_slideshow_full avia-fade-slider av-slideshow-ui av-control-hidden av-no-slider-navigation av-hide-nav-arrows av-slideshow-autoplay av-loop-endless av-loop-manual-endless av-default-height-applied   avia-slideshow-1' data-slideshow-options=\"{&quot;animation&quot;:&quot;fade&quot;,&quot;autoplay&quot;:true,&quot;loop_autoplay&quot;:&quot;endless&quot;,&quot;interval&quot;:5,&quot;loop_manual&quot;:&quot;manual-endless&quot;,&quot;autoplay_stopper&quot;:false,&quot;noNavigation&quot;:true,&quot;bg_slider&quot;:false,&quot;transitionSpeed&quot;:1000,&quot;keep_padding&quot;:false,&quot;hoverpause&quot;:false,&quot;show_slide_delay&quot;:0}\"  itemprop=\"image\" itemscope=\"itemscope\" itemtype=\"https:\/\/schema.org\/ImageObject\" ><ul class='avia-slideshow-inner ' style='padding-bottom: 66.500415627598%;'><li  class='avia-slideshow-slide av-lshqp3g9-78316e11e8a7bd0617d1a3ef91cb475c__0  slide-1 slide-odd'><div data-rel='slideshow-1' class='avia-slide-wrap '   ><img decoding=\"async\" fetchpriority=\"high\" class=\"wp-image-418 avia-img-lazy-loading-not-418\"  src=\"https:\/\/www.hausanja-lech.at\/Gaestehaus\/wp-content\/uploads\/2024\/02\/DSC_0177.jpg\" width=\"2406\" height=\"1600\" title='Haus Anja im Winter' alt=''  itemprop=\"thumbnailUrl\" srcset=\"https:\/\/www.hausanja-lech.at\/Gaestehaus\/wp-content\/uploads\/2024\/02\/DSC_0177.jpg 2406w, https:\/\/www.hausanja-lech.at\/Gaestehaus\/wp-content\/uploads\/2024\/02\/DSC_0177-300x200.jpg 300w, https:\/\/www.hausanja-lech.at\/Gaestehaus\/wp-content\/uploads\/2024\/02\/DSC_0177-1030x685.jpg 1030w, https:\/\/www.hausanja-lech.at\/Gaestehaus\/wp-content\/uploads\/2024\/02\/DSC_0177-768x511.jpg 768w, https:\/\/www.hausanja-lech.at\/Gaestehaus\/wp-content\/uploads\/2024\/02\/DSC_0177-1536x1021.jpg 1536w, https:\/\/www.hausanja-lech.at\/Gaestehaus\/wp-content\/uploads\/2024\/02\/DSC_0177-2048x1362.jpg 2048w, https:\/\/www.hausanja-lech.at\/Gaestehaus\/wp-content\/uploads\/2024\/02\/DSC_0177-1500x998.jpg 1500w, https:\/\/www.hausanja-lech.at\/Gaestehaus\/wp-content\/uploads\/2024\/02\/DSC_0177-705x469.jpg 705w\" sizes=\"(max-width: 2406px) 100vw, 2406px\" \/><\/div><\/li><li  class='avia-slideshow-slide av-lshqp3g9-78316e11e8a7bd0617d1a3ef91cb475c__1  slide-2 slide-even'><div data-rel='slideshow-1' class='avia-slide-wrap '   ><img decoding=\"async\" fetchpriority=\"high\" class=\"wp-image-458 avia-img-lazy-loading-not-458\"  src=\"https:\/\/www.hausanja-lech.at\/Gaestehaus\/wp-content\/uploads\/2024\/02\/DSC_0177-1.jpg\" width=\"2406\" height=\"1600\" title='Haus Anja im Sommer' alt=''  itemprop=\"thumbnailUrl\" srcset=\"https:\/\/www.hausanja-lech.at\/Gaestehaus\/wp-content\/uploads\/2024\/02\/DSC_0177-1.jpg 2406w, https:\/\/www.hausanja-lech.at\/Gaestehaus\/wp-content\/uploads\/2024\/02\/DSC_0177-1-300x200.jpg 300w, https:\/\/www.hausanja-lech.at\/Gaestehaus\/wp-content\/uploads\/2024\/02\/DSC_0177-1-1030x685.jpg 1030w, https:\/\/www.hausanja-lech.at\/Gaestehaus\/wp-content\/uploads\/2024\/02\/DSC_0177-1-768x511.jpg 768w, https:\/\/www.hausanja-lech.at\/Gaestehaus\/wp-content\/uploads\/2024\/02\/DSC_0177-1-1536x1021.jpg 1536w, https:\/\/www.hausanja-lech.at\/Gaestehaus\/wp-content\/uploads\/2024\/02\/DSC_0177-1-2048x1362.jpg 2048w, https:\/\/www.hausanja-lech.at\/Gaestehaus\/wp-content\/uploads\/2024\/02\/DSC_0177-1-1500x998.jpg 1500w, https:\/\/www.hausanja-lech.at\/Gaestehaus\/wp-content\/uploads\/2024\/02\/DSC_0177-1-705x469.jpg 705w\" sizes=\"(max-width: 2406px) 100vw, 2406px\" \/><\/div><\/li><\/ul><div class='avia-slideshow-arrows avia-slideshow-controls' ><a href='#prev' class='prev-slide  avia-svg-icon avia-font-svg_entypo-fontello' data-av_svg_icon='left-open-big' data-av_iconset='svg_entypo-fontello' tabindex='-1' title=\"Zur\u00fcck\"><svg version=\"1.1\" xmlns=\"http:\/\/www.w3.org\/2000\/svg\" width=\"15\" height=\"32\" viewBox=\"0 0 15 32\" preserveAspectRatio=\"xMidYMid meet\" aria-labelledby='av-svg-title-1' aria-describedby='av-svg-desc-1' role=\"graphics-symbol\" aria-hidden=\"true\">\n<title id='av-svg-title-1'>Zur\u00fcck<\/title>\n<desc id='av-svg-desc-1'>Zur\u00fcck<\/desc>\n<path d=\"M14.464 27.84q0.832 0.832 0 1.536-0.832 0.832-1.536 0l-12.544-12.608q-0.768-0.768 0-1.6l12.544-12.608q0.704-0.832 1.536 0 0.832 0.704 0 1.536l-11.456 11.904z\"><\/path>\n<\/svg><span class='avia_hidden_link_text'>Zur\u00fcck<\/span><\/a><a href='#next' class='next-slide  avia-svg-icon avia-font-svg_entypo-fontello' data-av_svg_icon='right-open-big' data-av_iconset='svg_entypo-fontello' tabindex='-1' title=\"Weiter\"><svg version=\"1.1\" xmlns=\"http:\/\/www.w3.org\/2000\/svg\" width=\"15\" height=\"32\" viewBox=\"0 0 15 32\" preserveAspectRatio=\"xMidYMid meet\" aria-labelledby='av-svg-title-2' aria-describedby='av-svg-desc-2' role=\"graphics-symbol\" aria-hidden=\"true\">\n<title id='av-svg-title-2'>Weiter<\/title>\n<desc id='av-svg-desc-2'>Weiter<\/desc>\n<path d=\"M0.416 27.84l11.456-11.84-11.456-11.904q-0.832-0.832 0-1.536 0.832-0.832 1.536 0l12.544 12.608q0.768 0.832 0 1.6l-12.544 12.608q-0.704 0.832-1.536 0-0.832-0.704 0-1.536z\"><\/path>\n<\/svg><span class='avia_hidden_link_text'>Weiter<\/span><\/a><\/div><\/div><\/div>\n<div id='av_section_1'  class='avia-section av-5bldu2-0a2793453f4c51d82570b28c9473e827 main_color avia-section-default avia-no-border-styling  avia-builder-el-1  el_after_av_slideshow_full  avia-builder-el-last  avia-bg-style-scroll container_wrap sidebar_right'  ><div class='container av-section-cont-open' ><div class='template-page content  av-content-small alpha units'><div class='post-entry post-entry-type-page post-entry-362'><div class='entry-content-wrapper clearfix'>\n<div  class='flex_column av-4c1qpe-690bf4069c608e0f498471f7250ef92f av_three_fifth  avia-builder-el-2  el_before_av_two_fifth  avia-builder-el-first  first flex_column_div  '     ><p>\n<style type=\"text\/css\" data-created_by=\"avia_inline_auto\" id=\"style-css-av-461a9m-11d995152195a57cd697cd0c2174b44c\">\n#top .av-special-heading.av-461a9m-11d995152195a57cd697cd0c2174b44c{\npadding-bottom:0;\n}\nbody .av-special-heading.av-461a9m-11d995152195a57cd697cd0c2174b44c .av-special-heading-tag .heading-char{\nfont-size:25px;\n}\n.av-special-heading.av-461a9m-11d995152195a57cd697cd0c2174b44c .av-subheading{\nfont-size:15px;\n}\n<\/style>\n<div  class='av-special-heading av-461a9m-11d995152195a57cd697cd0c2174b44c av-special-heading-h2 blockquote modern-quote  avia-builder-el-3  el_before_av_textblock  avia-builder-el-first '><h2 class='av-special-heading-tag '  itemprop=\"headline\"  >Willkommen<\/h2><div class='av-subheading av-subheading_below'><p>im Haus Anja in Lech am Arlberg<\/p>\n<\/div><div class=\"special-heading-border\"><div class=\"special-heading-inner-border\"><\/div><\/div><\/div><br \/>\n<section  class='av_textblock_section av-42cl9e-164f38da2c7b224f2e7dc1cacb32f6e8 '   itemscope=\"itemscope\" itemtype=\"https:\/\/schema.org\/CreativeWork\" ><div class='avia_textblock'  itemprop=\"text\" ><p>Gerne hei\u00dfen wir Sie in unserem <strong>Haus Anja<\/strong> herzlich willkommen. Abseits vom Verkehrsl\u00e4rm, sich wohlf\u00fchlen in einer wohnlichen Umgebung und gute Laune versp\u00fcren. Schlafen wie ein Murmeltier, Fr\u00fchst\u00fccken wie ein Kaiser. Diesen Traum erf\u00fcllen wir Ihnen gerne in unserem privat gef\u00fchrten Haus Anja.<br \/>\nWir freuen uns auf Ihr Kommen!<\/p>\n<p>Herzlichst,<br \/>\n<strong>Felix und Inge Weish\u00e4upl<\/strong><\/p>\n<blockquote>\n<p><b>Sich wohlf\u00fchlen und entspannen in ruhiger, sonniger Lage und gute Laune versp\u00fcren.<\/b><\/p>\n<\/blockquote>\n<\/div><\/section><\/p><\/div><div  class='flex_column av-ioeaq-dafb26264140724c80209eb275626d23 av_two_fifth  avia-builder-el-5  el_after_av_three_fifth  avia-builder-el-last  flex_column_div  '     ><div  class='avia-slideshow av-53087e-3dafc3560cca727c8f932e0703b84e5c avia-slideshow-no scaling av_slideshow avia-fade-slider  avia-builder-el-6  avia-builder-el-no-sibling  av-slideshow-ui av-control-hidden av-no-slider-navigation av-hide-nav-arrows av-slideshow-autoplay av-loop-endless av-loop-manual-endless av-default-height-applied avia-slideshow-2' data-slideshow-options=\"{&quot;animation&quot;:&quot;fade&quot;,&quot;autoplay&quot;:true,&quot;loop_autoplay&quot;:&quot;endless&quot;,&quot;interval&quot;:5,&quot;loop_manual&quot;:&quot;manual-endless&quot;,&quot;autoplay_stopper&quot;:false,&quot;noNavigation&quot;:true,&quot;bg_slider&quot;:false,&quot;keep_padding&quot;:false,&quot;hoverpause&quot;:false,&quot;show_slide_delay&quot;:0}\"  itemprop=\"image\" itemscope=\"itemscope\" itemtype=\"https:\/\/schema.org\/ImageObject\" ><ul class='avia-slideshow-inner ' style='padding-bottom: 66.333333333333%;'><li  class='avia-slideshow-slide av-53087e-3dafc3560cca727c8f932e0703b84e5c__0  slide-1 slide-odd'><div data-rel='slideshow-2' class='avia-slide-wrap '   ><img decoding=\"async\" fetchpriority=\"high\" class=\"wp-image-446 avia-img-lazy-loading-not-446\"  src=\"https:\/\/www.hausanja-lech.at\/Gaestehaus\/wp-content\/uploads\/2024\/02\/winter.jpg\" width=\"600\" height=\"398\" title='winter' alt=''  itemprop=\"thumbnailUrl\" srcset=\"https:\/\/www.hausanja-lech.at\/Gaestehaus\/wp-content\/uploads\/2024\/02\/winter.jpg 600w, https:\/\/www.hausanja-lech.at\/Gaestehaus\/wp-content\/uploads\/2024\/02\/winter-300x199.jpg 300w\" sizes=\"(max-width: 600px) 100vw, 600px\" \/><\/div><\/li><li  class='avia-slideshow-slide av-53087e-3dafc3560cca727c8f932e0703b84e5c__1  slide-2 slide-even'><div data-rel='slideshow-2' class='avia-slide-wrap '   ><img decoding=\"async\" fetchpriority=\"high\" class=\"wp-image-448 avia-img-lazy-loading-not-448\"  src=\"https:\/\/www.hausanja-lech.at\/Gaestehaus\/wp-content\/uploads\/2024\/02\/sommer.jpg\" width=\"600\" height=\"398\" title='sommer' alt=''  itemprop=\"thumbnailUrl\" srcset=\"https:\/\/www.hausanja-lech.at\/Gaestehaus\/wp-content\/uploads\/2024\/02\/sommer.jpg 600w, https:\/\/www.hausanja-lech.at\/Gaestehaus\/wp-content\/uploads\/2024\/02\/sommer-300x199.jpg 300w\" sizes=\"(max-width: 600px) 100vw, 600px\" \/><\/div><\/li><li  class='avia-slideshow-slide av-53087e-3dafc3560cca727c8f932e0703b84e5c__2  slide-3 slide-odd'><div data-rel='slideshow-2' class='avia-slide-wrap '   ><img decoding=\"async\" fetchpriority=\"high\" class=\"wp-image-447 avia-img-lazy-loading-not-447\"  src=\"https:\/\/www.hausanja-lech.at\/Gaestehaus\/wp-content\/uploads\/2024\/02\/FelixInge.jpg\" width=\"600\" height=\"398\" title='FelixInge' alt=''  itemprop=\"thumbnailUrl\" srcset=\"https:\/\/www.hausanja-lech.at\/Gaestehaus\/wp-content\/uploads\/2024\/02\/FelixInge.jpg 600w, https:\/\/www.hausanja-lech.at\/Gaestehaus\/wp-content\/uploads\/2024\/02\/FelixInge-300x199.jpg 300w\" sizes=\"(max-width: 600px) 100vw, 600px\" \/><\/div><\/li><\/ul><div class='avia-slideshow-arrows avia-slideshow-controls' ><a href='#prev' class='prev-slide  avia-svg-icon avia-font-svg_entypo-fontello' data-av_svg_icon='left-open-big' data-av_iconset='svg_entypo-fontello' tabindex='-1' title=\"Zur\u00fcck\"><svg version=\"1.1\" xmlns=\"http:\/\/www.w3.org\/2000\/svg\" width=\"15\" height=\"32\" viewBox=\"0 0 15 32\" preserveAspectRatio=\"xMidYMid meet\" aria-labelledby='av-svg-title-3' aria-describedby='av-svg-desc-3' role=\"graphics-symbol\" aria-hidden=\"true\">\n<title id='av-svg-title-3'>Zur\u00fcck<\/title>\n<desc id='av-svg-desc-3'>Zur\u00fcck<\/desc>\n<path d=\"M14.464 27.84q0.832 0.832 0 1.536-0.832 0.832-1.536 0l-12.544-12.608q-0.768-0.768 0-1.6l12.544-12.608q0.704-0.832 1.536 0 0.832 0.704 0 1.536l-11.456 11.904z\"><\/path>\n<\/svg><span class='avia_hidden_link_text'>Zur\u00fcck<\/span><\/a><a href='#next' class='next-slide  avia-svg-icon avia-font-svg_entypo-fontello' data-av_svg_icon='right-open-big' data-av_iconset='svg_entypo-fontello' tabindex='-1' title=\"Weiter\"><svg version=\"1.1\" xmlns=\"http:\/\/www.w3.org\/2000\/svg\" width=\"15\" height=\"32\" viewBox=\"0 0 15 32\" preserveAspectRatio=\"xMidYMid meet\" aria-labelledby='av-svg-title-4' aria-describedby='av-svg-desc-4' role=\"graphics-symbol\" aria-hidden=\"true\">\n<title id='av-svg-title-4'>Weiter<\/title>\n<desc id='av-svg-desc-4'>Weiter<\/desc>\n<path d=\"M0.416 27.84l11.456-11.84-11.456-11.904q-0.832-0.832 0-1.536 0.832-0.832 1.536 0l12.544 12.608q0.768 0.832 0 1.6l-12.544 12.608q-0.704 0.832-1.536 0-0.832-0.704 0-1.536z\"><\/path>\n<\/svg><span class='avia_hidden_link_text'>Weiter<\/span><\/a><\/div><\/div><\/div><\/div><\/div><\/div><!-- close content main div --><\/div><\/div><div id='after_section_1'  class='main_color av_default_container_wrap container_wrap sidebar_right'  ><div class='container av-section-cont-open' ><div class='template-page content  av-content-small alpha units'><div class='post-entry post-entry-type-page post-entry-362'><div class='entry-content-wrapper clearfix'>\n","protected":false},"excerpt":{"rendered":"","protected":false},"author":1,"featured_media":0,"parent":0,"menu_order":0,"comment_status":"open","ping_status":"open","template":"","meta":{"footnotes":""},"class_list":["post-362","page","type-page","status-publish","hentry"],"_links":{"self":[{"href":"https:\/\/www.hausanja-lech.at\/Gaestehaus\/wp-json\/wp\/v2\/pages\/362","targetHints":{"allow":["GET"]}}],"collection":[{"href":"https:\/\/www.hausanja-lech.at\/Gaestehaus\/wp-json\/wp\/v2\/pages"}],"about":[{"href":"https:\/\/www.hausanja-lech.at\/Gaestehaus\/wp-json\/wp\/v2\/types\/page"}],"author":[{"embeddable":true,"href":"https:\/\/www.hausanja-lech.at\/Gaestehaus\/wp-json\/wp\/v2\/users\/1"}],"replies":[{"embeddable":true,"href":"https:\/\/www.hausanja-lech.at\/Gaestehaus\/wp-json\/wp\/v2\/comments?post=362"}],"version-history":[{"count":50,"href":"https:\/\/www.hausanja-lech.at\/Gaestehaus\/wp-json\/wp\/v2\/pages\/362\/revisions"}],"predecessor-version":[{"id":686,"href":"https:\/\/www.hausanja-lech.at\/Gaestehaus\/wp-json\/wp\/v2\/pages\/362\/revisions\/686"}],"wp:attachment":[{"href":"https:\/\/www.hausanja-lech.at\/Gaestehaus\/wp-json\/wp\/v2\/media?parent=362"}],"curies":[{"name":"wp","href":"https:\/\/api.w.org\/{rel}","templated":true}]}}